{"id":547,"date":"2017-08-31T12:23:37","date_gmt":"2017-08-31T12:23:37","guid":{"rendered":"http:\/\/fubaboardgame.com\/fuba\/?page_id=547"},"modified":"2017-08-31T12:23:37","modified_gmt":"2017-08-31T12:23:37","slug":"world-cup-2017-match-results","status":"publish","type":"page","link":"https:\/\/fubaboardgame.com\/fuba\/results\/world-cup-2017-match-results\/","title":{"rendered":"World Cup 2017 match results"},"content":{"rendered":"<h4>1st round results<\/h4>\n<table>\n<tbody>\n<tr>\n<td><strong>Match<\/strong><\/td>\n<td><strong>Result<\/strong><\/td>\n<\/tr>\n<tr>\n<td>Niilo Kalakoski &#8211; Mika M\u00e4kel\u00e4<\/td>\n<td>2 \u2013 1<\/td>\n<\/tr>\n<tr>\n<td>Jari Kemppainen &#8211; Sampo M\u00e4ntylahti<\/td>\n<td>3 \u2013 0<\/td>\n<\/tr>\n<tr>\n<td>Ralf Paul &#8211; Aki Levonius<\/td>\n<td>3 \u2013 1<\/td>\n<\/tr>\n<tr>\n<td>Mikko Kalliovaara &#8211; Kimmo Ylinen<\/td>\n<td>0 \u2013 0<\/td>\n<\/tr>\n<tr>\n<td>Dimitris Filippatos &#8211; Janne Niinivaara<\/td>\n<td>1 \u2013 4<\/td>\n<\/tr>\n<\/tbody>\n<\/table>\n<h4>2nd round results<\/h4>\n<table>\n<tbody>\n<tr>\n<td><strong>Match<\/strong><\/td>\n<td><strong>Result<\/strong><\/td>\n<\/tr>\n<tr>\n<td>Janne Niinivaara &#8211; Jari Kemppainen<\/td>\n<td>1 \u2013 1<\/td>\n<\/tr>\n<tr>\n<td>Ralf Paul &#8211; Niilo Kalakoski<\/td>\n<td>2 \u2013 5<\/td>\n<\/tr>\n<tr>\n<td>Mika M\u00e4kel\u00e4 &#8211; Kimmo Ylinen<\/td>\n<td>2 \u2013 1<\/td>\n<\/tr>\n<tr>\n<td>Mikko Kalliovaara &#8211; Aki Levonius<\/td>\n<td>0 \u2013 2<\/td>\n<\/tr>\n<tr>\n<td>Sampo M\u00e4ntylahti &#8211; Dimitris Filippatos<\/td>\n<td>0 \u2013 2<\/td>\n<\/tr>\n<\/tbody>\n<\/table>\n<h4>\u00a03rd round results<\/h4>\n<table>\n<tbody>\n<tr>\n<td><strong>Match<\/strong><\/td>\n<td><strong>Result<\/strong><\/td>\n<\/tr>\n<tr>\n<td>Niilo Kalakoski &#8211; Janne Niinivaara<\/td>\n<td>2 \u2013 2<\/td>\n<\/tr>\n<tr>\n<td>Jari Kemppainen &#8211; Aki Levonius<\/td>\n<td>1 \u2013 1<\/td>\n<\/tr>\n<tr>\n<td>Mika M\u00e4kel\u00e4 &#8211; Ralf Paul<\/td>\n<td>2 &#8211; 1<\/td>\n<\/tr>\n<tr>\n<td>Dimitris Filippatos &#8211; Kimmo Ylinen<\/td>\n<td>2 \u2013 0<\/td>\n<\/tr>\n<tr>\n<td>Sampo M\u00e4ntylahti &#8211; Hannu Uusitalo<\/td>\n<td>1 \u2013 4<\/td>\n<\/tr>\n<\/tbody>\n<\/table>\n<h3>Quarter-finals<\/h3>\n<table>\n<tbody>\n<tr>\n<td><strong>Match<\/strong><\/td>\n<td><strong>Result<\/strong><\/td>\n<\/tr>\n<tr>\n<td>Niilo Kalakoski &#8211;\u00a0Kimmo Ylinen<\/td>\n<td>1 \u2013 1 (5-4)<\/td>\n<\/tr>\n<tr>\n<td>Jari Kemppainen &#8211; Aki Levonius<\/td>\n<td>3 \u2013 1<\/td>\n<\/tr>\n<tr>\n<td>Sampo M\u00e4ntylahti &#8211; Mika M\u00e4kel\u00e4<\/td>\n<td>3 \u2013 4<\/td>\n<\/tr>\n<tr>\n<td>Ralf Paul &#8211; Janne Niinivaara<\/td>\n<td>1 \u2013 3<\/td>\n<\/tr>\n<\/tbody>\n<\/table>\n<h3>Semi-finals<\/h3>\n<table>\n<tbody>\n<tr>\n<td><strong>Match<\/strong><\/td>\n<td><strong>Result<\/strong><\/td>\n<\/tr>\n<tr>\n<td>Jari Kemppainen &#8211; Niilo Kalakoski<\/td>\n<td>2 \u2013 1<\/td>\n<\/tr>\n<tr>\n<td>Mika M\u00e4kel\u00e4 &#8211; Janne Niinivaara<\/td>\n<td>2 \u2013 2 (5-3)<\/td>\n<\/tr>\n<\/tbody>\n<\/table>\n<h3>Final<\/h3>\n<table>\n<tbody>\n<tr>\n<td><strong>Match<\/strong><\/td>\n<td><strong>Result<\/strong><\/td>\n<\/tr>\n<tr>\n<td>Mika M\u00e4kel\u00e4 &#8211; Jari Kemppainen<\/td>\n<td>2 \u2013 3<\/td>\n<\/tr>\n<\/tbody>\n<\/table>\n<p style=\"text-align: justify;\">\n","protected":false},"excerpt":{"rendered":"<p>1st round results Match Result Niilo Kalakoski &#8211; Mika M\u00e4kel\u00e4 2 \u2013 1 Jari Kemppainen &#8211; Sampo M\u00e4ntylahti 3 \u2013 0 Ralf Paul &#8211; Aki Levonius 3 \u2013 1 Mikko Kalliovaara &#8211; Kimmo Ylinen 0 \u2013 0 Dimitris Filippatos &#8211; Janne Niinivaara 1 \u2013 4 2nd round results Match Result Janne Niinivaara &#8211; Jari Kemppainen [&hellip;]<\/p>\n","protected":false},"author":1,"featured_media":0,"parent":19,"menu_order":0,"comment_status":"closed","ping_status":"closed","template":"","meta":{"spay_email":"","footnotes":""},"class_list":["post-547","page","type-page","status-publish","hentry"],"jetpack_sharing_enabled":true,"jetpack_shortlink":"https:\/\/wp.me\/P679uF-8P","_links":{"self":[{"href":"https:\/\/fubaboardgame.com\/fuba\/wp-json\/wp\/v2\/pages\/547"}],"collection":[{"href":"https:\/\/fubaboardgame.com\/fuba\/wp-json\/wp\/v2\/pages"}],"about":[{"href":"https:\/\/fubaboardgame.com\/fuba\/wp-json\/wp\/v2\/types\/page"}],"author":[{"embeddable":true,"href":"https:\/\/fubaboardgame.com\/fuba\/wp-json\/wp\/v2\/users\/1"}],"replies":[{"embeddable":true,"href":"https:\/\/fubaboardgame.com\/fuba\/wp-json\/wp\/v2\/comments?post=547"}],"version-history":[{"count":1,"href":"https:\/\/fubaboardgame.com\/fuba\/wp-json\/wp\/v2\/pages\/547\/revisions"}],"predecessor-version":[{"id":548,"href":"https:\/\/fubaboardgame.com\/fuba\/wp-json\/wp\/v2\/pages\/547\/revisions\/548"}],"up":[{"embeddable":true,"href":"https:\/\/fubaboardgame.com\/fuba\/wp-json\/wp\/v2\/pages\/19"}],"wp:attachment":[{"href":"https:\/\/fubaboardgame.com\/fuba\/wp-json\/wp\/v2\/media?parent=547"}],"curies":[{"name":"wp","href":"https:\/\/api.w.org\/{rel}","templated":true}]}}